{"id":758,"date":"2026-04-03T18:52:14","date_gmt":"2026-04-03T22:52:14","guid":{"rendered":"https:\/\/julienrousseau.art\/product\/068-ville-derriere-lepaule\/"},"modified":"2026-04-03T18:52:14","modified_gmt":"2026-04-03T22:52:14","slug":"068-ville-derriere-lepaule","status":"publish","type":"product","link":"https:\/\/julienrousseau.art\/en\/shop\/dessin-serie-hiver-2026-2\/068-ville-derriere-lepaule\/","title":{"rendered":"068 &#8211; Ville derri\u00e8re l&rsquo;\u00e9paule"},"content":{"rendered":"<p>M\u00e9dium mixte sur papier, s\u00e9rie \u00ab Hiver 2026 \u00bb 8.5&quot; x 11&quot;, julien rousseau, 2026<\/p>\n<p><strong>Ville derri\u00e8re l&amp;#x27;\u00e9paule<\/strong><br \/>\u00c0 gauche, une cit\u00e9 serr\u00e9e s\u2019empile comme un songe en chantier<br \/>\u00c0 droite, un regard ferme veille sur ce tumulte de signes et de toits<br \/>Le dialogue entre les deux moiti\u00e9s donne au dessin sa belle tension<br \/>Tout circule, se r\u00e9pond, s\u2019appelle, sans jamais se perdre<br \/>On dirait une m\u00e9moire urbaine tenue par une seule conscience<br \/>Une composition ample, tr\u00e8s habit\u00e9e, tr\u00e8s s\u00fbre.<\/p>","protected":false},"excerpt":{"rendered":"<p>068 &#8211; Ville derri\u00e8re l&rsquo;\u00e9paule<br \/>M\u00e9dium mixte sur papier, s\u00e9rie \u00ab Hiver 2026 \u00bb 8.5&quot; x 11&quot;, julien rousseau, 2026<\/p>","protected":false},"featured_media":569,"template":"","meta":{"_EventAllDay":false,"_EventTimezone":"","_EventStartDate":"","_EventEndDate":"","_EventStartDateUTC":"","_EventEndDateUTC":"","_EventShowMap":false,"_EventShowMapLink":false,"_EventURL":"","_EventCost":"","_EventCostDescription":"","_EventCurrencySymbol":"","_EventCurrencyCode":"","_EventCurrencyPosition":"","_EventDateTimeSeparator":"","_EventTimeRangeSeparator":"","_EventOrganizerID":[],"_EventVenueID":[],"_OrganizerEmail":"","_OrganizerPhone":"","_OrganizerWebsite":"","_VenueAddress":"","_VenueCity":"","_VenueCountry":"","_VenueProvince":"","_VenueState":"","_VenueZip":"","_VenuePhone":"","_VenueURL":"","_VenueStateProvince":"","_VenueLat":"","_VenueLng":"","_VenueShowMap":false,"_VenueShowMapLink":false},"product_brand":[],"product_cat":[46],"product_tag":[],"class_list":{"0":"post-758","1":"product","2":"type-product","3":"status-publish","4":"has-post-thumbnail","6":"product_cat-dessin-serie-hiver-2026-2","8":"first","9":"instock","10":"sold-individually","11":"taxable","12":"shipping-taxable","13":"purchasable","14":"product-type-simple"},"jetpack_sharing_enabled":true,"_links":{"self":[{"href":"https:\/\/julienrousseau.art\/en\/wp-json\/wp\/v2\/product\/758","targetHints":{"allow":["GET"]}}],"collection":[{"href":"https:\/\/julienrousseau.art\/en\/wp-json\/wp\/v2\/product"}],"about":[{"href":"https:\/\/julienrousseau.art\/en\/wp-json\/wp\/v2\/types\/product"}],"wp:featuredmedia":[{"embeddable":true,"href":"https:\/\/julienrousseau.art\/en\/wp-json\/wp\/v2\/media\/569"}],"wp:attachment":[{"href":"https:\/\/julienrousseau.art\/en\/wp-json\/wp\/v2\/media?parent=758"}],"wp:term":[{"taxonomy":"product_brand","embeddable":true,"href":"https:\/\/julienrousseau.art\/en\/wp-json\/wp\/v2\/product_brand?post=758"},{"taxonomy":"product_cat","embeddable":true,"href":"https:\/\/julienrousseau.art\/en\/wp-json\/wp\/v2\/product_cat?post=758"},{"taxonomy":"product_tag","embeddable":true,"href":"https:\/\/julienrousseau.art\/en\/wp-json\/wp\/v2\/product_tag?post=758"}],"curies":[{"name":"wp","href":"https:\/\/api.w.org\/{rel}","templated":true}]}}