{"id":762,"date":"2026-04-03T18:52:14","date_gmt":"2026-04-03T22:52:14","guid":{"rendered":"https:\/\/julienrousseau.art\/product\/083-eclats-sous-verre\/"},"modified":"2026-04-03T18:52:14","modified_gmt":"2026-04-03T22:52:14","slug":"083-eclats-sous-verre","status":"publish","type":"product","link":"https:\/\/julienrousseau.art\/en\/shop\/dessin-serie-hiver-2026-2\/083-eclats-sous-verre\/","title":{"rendered":"083 &#8211; \u00c9clats sous verre"},"content":{"rendered":"<p>M\u00e9dium mixte sur papier, s\u00e9rie \u00ab Hiver 2026 \u00bb 8.5&quot; x 11&quot;, julien rousseau, 2026<\/p>\n<p><strong>\u00c9clats sous verre<\/strong><br \/>Des plans s\u2019ouvrent comme des vitres bris\u00e9es sur une ville en filigrane<br \/>Les formes du fond persistent, reprises, fantomales, presque chant\u00e9es<br \/>Au centre, l\u2019assemblage tient avec une belle autorit\u00e9<br \/>On croit voir une fracture, puis un passage<br \/>Tout se r\u00e9pond par transparence et par rebond<br \/>Une composition nerveuse, claire, intens\u00e9ment mobile.<\/p>","protected":false},"excerpt":{"rendered":"<p>083 &#8211; \u00c9clats sous verre<br \/>M\u00e9dium mixte sur papier, s\u00e9rie \u00ab Hiver 2026 \u00bb 8.5&quot; x 11&quot;, julien rousseau, 2026<\/p>","protected":false},"featured_media":573,"template":"","meta":{"_EventAllDay":false,"_EventTimezone":"","_EventStartDate":"","_EventEndDate":"","_EventStartDateUTC":"","_EventEndDateUTC":"","_EventShowMap":false,"_EventShowMapLink":false,"_EventURL":"","_EventCost":"","_EventCostDescription":"","_EventCurrencySymbol":"","_EventCurrencyCode":"","_EventCurrencyPosition":"","_EventDateTimeSeparator":"","_EventTimeRangeSeparator":"","_EventOrganizerID":[],"_EventVenueID":[],"_OrganizerEmail":"","_OrganizerPhone":"","_OrganizerWebsite":"","_VenueAddress":"","_VenueCity":"","_VenueCountry":"","_VenueProvince":"","_VenueState":"","_VenueZip":"","_VenuePhone":"","_VenueURL":"","_VenueStateProvince":"","_VenueLat":"","_VenueLng":"","_VenueShowMap":false,"_VenueShowMapLink":false},"product_brand":[],"product_cat":[46],"product_tag":[],"class_list":{"0":"post-762","1":"product","2":"type-product","3":"status-publish","4":"has-post-thumbnail","6":"product_cat-dessin-serie-hiver-2026-2","8":"first","9":"instock","10":"sold-individually","11":"taxable","12":"shipping-taxable","13":"purchasable","14":"product-type-simple"},"jetpack_sharing_enabled":true,"_links":{"self":[{"href":"https:\/\/julienrousseau.art\/en\/wp-json\/wp\/v2\/product\/762","targetHints":{"allow":["GET"]}}],"collection":[{"href":"https:\/\/julienrousseau.art\/en\/wp-json\/wp\/v2\/product"}],"about":[{"href":"https:\/\/julienrousseau.art\/en\/wp-json\/wp\/v2\/types\/product"}],"wp:featuredmedia":[{"embeddable":true,"href":"https:\/\/julienrousseau.art\/en\/wp-json\/wp\/v2\/media\/573"}],"wp:attachment":[{"href":"https:\/\/julienrousseau.art\/en\/wp-json\/wp\/v2\/media?parent=762"}],"wp:term":[{"taxonomy":"product_brand","embeddable":true,"href":"https:\/\/julienrousseau.art\/en\/wp-json\/wp\/v2\/product_brand?post=762"},{"taxonomy":"product_cat","embeddable":true,"href":"https:\/\/julienrousseau.art\/en\/wp-json\/wp\/v2\/product_cat?post=762"},{"taxonomy":"product_tag","embeddable":true,"href":"https:\/\/julienrousseau.art\/en\/wp-json\/wp\/v2\/product_tag?post=762"}],"curies":[{"name":"wp","href":"https:\/\/api.w.org\/{rel}","templated":true}]}}