{"id":811,"date":"2026-04-03T18:52:19","date_gmt":"2026-04-03T22:52:19","guid":{"rendered":"https:\/\/julienrousseau.art\/product\/194-arche-sur-pente-rose\/"},"modified":"2026-04-03T18:52:19","modified_gmt":"2026-04-03T22:52:19","slug":"194-arche-sur-pente-rose","status":"publish","type":"product","link":"https:\/\/julienrousseau.art\/en\/shop\/dessin-serie-hiver-2026-2\/194-arche-sur-pente-rose\/","title":{"rendered":"194 &#8211; Arche sur pente rose"},"content":{"rendered":"<p>M\u00e9dium mixte sur papier, s\u00e9rie \u00ab Hiver 2026 \u00bb 8.5&quot; x 11&quot;, julien rousseau, 2026<\/p>\n<p><strong>Arche sur pente rose<\/strong><br \/>Composition installe une sorte de paysage construit, travers\u00e9 par une grande arche et des poutres noires<br \/>Le triangle rose du sol agit comme une sc\u00e8ne ou une montagne artificielle<br \/>Les petites formes bleues du ciel all\u00e8gent la masse de la structure<br \/>Dessin garde quelque chose d\u2019\u00e0 la fois industriel et imaginaire<br \/>Tout se tient par un bel \u00e9quilibre entre monumental et ludique<br \/>Une pi\u00e8ce ample, architectur\u00e9e, tr\u00e8s lisible.<\/p>","protected":false},"excerpt":{"rendered":"<p>194 &#8211; Arche sur pente rose<br \/>M\u00e9dium mixte sur papier, s\u00e9rie \u00ab Hiver 2026 \u00bb 8.5&quot; x 11&quot;, julien rousseau, 2026<\/p>","protected":false},"featured_media":623,"template":"","meta":{"_EventAllDay":false,"_EventTimezone":"","_EventStartDate":"","_EventEndDate":"","_EventStartDateUTC":"","_EventEndDateUTC":"","_EventShowMap":false,"_EventShowMapLink":false,"_EventURL":"","_EventCost":"","_EventCostDescription":"","_EventCurrencySymbol":"","_EventCurrencyCode":"","_EventCurrencyPosition":"","_EventDateTimeSeparator":"","_EventTimeRangeSeparator":"","_EventOrganizerID":[],"_EventVenueID":[],"_OrganizerEmail":"","_OrganizerPhone":"","_OrganizerWebsite":"","_VenueAddress":"","_VenueCity":"","_VenueCountry":"","_VenueProvince":"","_VenueState":"","_VenueZip":"","_VenuePhone":"","_VenueURL":"","_VenueStateProvince":"","_VenueLat":"","_VenueLng":"","_VenueShowMap":false,"_VenueShowMapLink":false},"product_brand":[],"product_cat":[46],"product_tag":[],"class_list":{"0":"post-811","1":"product","2":"type-product","3":"status-publish","4":"has-post-thumbnail","6":"product_cat-dessin-serie-hiver-2026-2","8":"first","9":"instock","10":"sold-individually","11":"taxable","12":"shipping-taxable","13":"purchasable","14":"product-type-simple"},"jetpack_sharing_enabled":true,"_links":{"self":[{"href":"https:\/\/julienrousseau.art\/en\/wp-json\/wp\/v2\/product\/811","targetHints":{"allow":["GET"]}}],"collection":[{"href":"https:\/\/julienrousseau.art\/en\/wp-json\/wp\/v2\/product"}],"about":[{"href":"https:\/\/julienrousseau.art\/en\/wp-json\/wp\/v2\/types\/product"}],"wp:featuredmedia":[{"embeddable":true,"href":"https:\/\/julienrousseau.art\/en\/wp-json\/wp\/v2\/media\/623"}],"wp:attachment":[{"href":"https:\/\/julienrousseau.art\/en\/wp-json\/wp\/v2\/media?parent=811"}],"wp:term":[{"taxonomy":"product_brand","embeddable":true,"href":"https:\/\/julienrousseau.art\/en\/wp-json\/wp\/v2\/product_brand?post=811"},{"taxonomy":"product_cat","embeddable":true,"href":"https:\/\/julienrousseau.art\/en\/wp-json\/wp\/v2\/product_cat?post=811"},{"taxonomy":"product_tag","embeddable":true,"href":"https:\/\/julienrousseau.art\/en\/wp-json\/wp\/v2\/product_tag?post=811"}],"curies":[{"name":"wp","href":"https:\/\/api.w.org\/{rel}","templated":true}]}}