{"id":812,"date":"2026-04-03T18:52:19","date_gmt":"2026-04-03T22:52:19","guid":{"rendered":"https:\/\/julienrousseau.art\/product\/195-parure-de-silence\/"},"modified":"2026-04-03T18:52:19","modified_gmt":"2026-04-03T22:52:19","slug":"195-parure-de-silence","status":"publish","type":"product","link":"https:\/\/julienrousseau.art\/en\/shop\/dessin-serie-hiver-2026-2\/195-parure-de-silence\/","title":{"rendered":"195 &#8211; Parure de silence"},"content":{"rendered":"<p>M\u00e9dium mixte sur papier, s\u00e9rie \u00ab Hiver 2026 \u00bb 8.5&quot; x 11&quot;, julien rousseau, 2026<\/p>\n<p><strong>Parure de silence<\/strong><br \/>Visage rose para\u00eet presque c\u00e9r\u00e9moniel, travers\u00e9 de petits signes qui ressemblent \u00e0 des bijoux ou \u00e0 des marques rituelles<br \/>Le blanc autour de la t\u00eate lui donne beaucoup d\u2019air<br \/>Les traits noirs ajoutent une tension l\u00e9g\u00e8re sans casser la douceur g\u00e9n\u00e9rale<br \/>Le regard est calme, mais pas passif<br \/>Tout l\u2019int\u00e9r\u00eat vient de cette combinaison entre d\u00e9cor et retenue<br \/>Une image d\u00e9licate, \u00e9trange, tr\u00e8s fine.<\/p>","protected":false},"excerpt":{"rendered":"<p>195 &#8211; Parure de silence<br \/>M\u00e9dium mixte sur papier, s\u00e9rie \u00ab Hiver 2026 \u00bb 8.5&quot; x 11&quot;, julien rousseau, 2026<\/p>","protected":false},"featured_media":624,"template":"","meta":{"_EventAllDay":false,"_EventTimezone":"","_EventStartDate":"","_EventEndDate":"","_EventStartDateUTC":"","_EventEndDateUTC":"","_EventShowMap":false,"_EventShowMapLink":false,"_EventURL":"","_EventCost":"","_EventCostDescription":"","_EventCurrencySymbol":"","_EventCurrencyCode":"","_EventCurrencyPosition":"","_EventDateTimeSeparator":"","_EventTimeRangeSeparator":"","_EventOrganizerID":[],"_EventVenueID":[],"_OrganizerEmail":"","_OrganizerPhone":"","_OrganizerWebsite":"","_VenueAddress":"","_VenueCity":"","_VenueCountry":"","_VenueProvince":"","_VenueState":"","_VenueZip":"","_VenuePhone":"","_VenueURL":"","_VenueStateProvince":"","_VenueLat":"","_VenueLng":"","_VenueShowMap":false,"_VenueShowMapLink":false},"product_brand":[],"product_cat":[46],"product_tag":[],"class_list":{"0":"post-812","1":"product","2":"type-product","3":"status-publish","4":"has-post-thumbnail","6":"product_cat-dessin-serie-hiver-2026-2","8":"first","9":"instock","10":"sold-individually","11":"taxable","12":"shipping-taxable","13":"purchasable","14":"product-type-simple"},"jetpack_sharing_enabled":true,"_links":{"self":[{"href":"https:\/\/julienrousseau.art\/en\/wp-json\/wp\/v2\/product\/812","targetHints":{"allow":["GET"]}}],"collection":[{"href":"https:\/\/julienrousseau.art\/en\/wp-json\/wp\/v2\/product"}],"about":[{"href":"https:\/\/julienrousseau.art\/en\/wp-json\/wp\/v2\/types\/product"}],"wp:featuredmedia":[{"embeddable":true,"href":"https:\/\/julienrousseau.art\/en\/wp-json\/wp\/v2\/media\/624"}],"wp:attachment":[{"href":"https:\/\/julienrousseau.art\/en\/wp-json\/wp\/v2\/media?parent=812"}],"wp:term":[{"taxonomy":"product_brand","embeddable":true,"href":"https:\/\/julienrousseau.art\/en\/wp-json\/wp\/v2\/product_brand?post=812"},{"taxonomy":"product_cat","embeddable":true,"href":"https:\/\/julienrousseau.art\/en\/wp-json\/wp\/v2\/product_cat?post=812"},{"taxonomy":"product_tag","embeddable":true,"href":"https:\/\/julienrousseau.art\/en\/wp-json\/wp\/v2\/product_tag?post=812"}],"curies":[{"name":"wp","href":"https:\/\/api.w.org\/{rel}","templated":true}]}}