{"id":821,"date":"2026-04-03T18:52:22","date_gmt":"2026-04-03T22:52:22","guid":{"rendered":"https:\/\/julienrousseau.art\/product\/220-main-levee-sur-langle\/"},"modified":"2026-04-03T18:52:23","modified_gmt":"2026-04-03T22:52:23","slug":"220-main-levee-sur-langle","status":"publish","type":"product","link":"https:\/\/julienrousseau.art\/en\/shop\/dessin-serie-hiver-2026-2\/220-main-levee-sur-langle\/","title":{"rendered":"220 &#8211; Main lev\u00e9e sur l\u2019angle"},"content":{"rendered":"<p>M\u00e9dium mixte sur papier, s\u00e9rie \u00ab Hiver 2026 \u00bb 8.5&quot; x 11&quot;, julien rousseau, 2026<\/p>\n<p><strong>Main lev\u00e9e sur l\u2019angle<\/strong><br \/>Visage se forme ici par grands aplats contrast\u00e9s et par une g\u00e9om\u00e9trie plus dure qu\u2019\u00e0 l\u2019habitude<br \/>La petite structure rouge \u00e0 droite agit comme un \u00e9cho ou un satellite du personnage<br \/>Le regard reste calme, mais la d\u00e9coupe du front et de la joue introduit une tension nette<br \/>Ensemble para\u00eet plus signal\u00e9tique, presque affichiste<br \/>Tout tient sur un bon rapport entre frontalit\u00e9 et d\u00e9viation<br \/>Une pi\u00e8ce franche, coupante, tr\u00e8s m\u00e9morable.<\/p>","protected":false},"excerpt":{"rendered":"<p>220 &#8211; Main lev\u00e9e sur l\u2019angle<br \/>M\u00e9dium mixte sur papier, s\u00e9rie \u00ab Hiver 2026 \u00bb 8.5&quot; x 11&quot;, julien rousseau, 2026<\/p>","protected":false},"featured_media":633,"template":"","meta":{"_EventAllDay":false,"_EventTimezone":"","_EventStartDate":"","_EventEndDate":"","_EventStartDateUTC":"","_EventEndDateUTC":"","_EventShowMap":false,"_EventShowMapLink":false,"_EventURL":"","_EventCost":"","_EventCostDescription":"","_EventCurrencySymbol":"","_EventCurrencyCode":"","_EventCurrencyPosition":"","_EventDateTimeSeparator":"","_EventTimeRangeSeparator":"","_EventOrganizerID":[],"_EventVenueID":[],"_OrganizerEmail":"","_OrganizerPhone":"","_OrganizerWebsite":"","_VenueAddress":"","_VenueCity":"","_VenueCountry":"","_VenueProvince":"","_VenueState":"","_VenueZip":"","_VenuePhone":"","_VenueURL":"","_VenueStateProvince":"","_VenueLat":"","_VenueLng":"","_VenueShowMap":false,"_VenueShowMapLink":false},"product_brand":[],"product_cat":[46],"product_tag":[],"class_list":{"0":"post-821","1":"product","2":"type-product","3":"status-publish","4":"has-post-thumbnail","6":"product_cat-dessin-serie-hiver-2026-2","8":"first","9":"instock","10":"sold-individually","11":"taxable","12":"shipping-taxable","13":"purchasable","14":"product-type-simple"},"jetpack_sharing_enabled":true,"_links":{"self":[{"href":"https:\/\/julienrousseau.art\/en\/wp-json\/wp\/v2\/product\/821","targetHints":{"allow":["GET"]}}],"collection":[{"href":"https:\/\/julienrousseau.art\/en\/wp-json\/wp\/v2\/product"}],"about":[{"href":"https:\/\/julienrousseau.art\/en\/wp-json\/wp\/v2\/types\/product"}],"wp:featuredmedia":[{"embeddable":true,"href":"https:\/\/julienrousseau.art\/en\/wp-json\/wp\/v2\/media\/633"}],"wp:attachment":[{"href":"https:\/\/julienrousseau.art\/en\/wp-json\/wp\/v2\/media?parent=821"}],"wp:term":[{"taxonomy":"product_brand","embeddable":true,"href":"https:\/\/julienrousseau.art\/en\/wp-json\/wp\/v2\/product_brand?post=821"},{"taxonomy":"product_cat","embeddable":true,"href":"https:\/\/julienrousseau.art\/en\/wp-json\/wp\/v2\/product_cat?post=821"},{"taxonomy":"product_tag","embeddable":true,"href":"https:\/\/julienrousseau.art\/en\/wp-json\/wp\/v2\/product_tag?post=821"}],"curies":[{"name":"wp","href":"https:\/\/api.w.org\/{rel}","templated":true}]}}